{"id":384,"date":"2024-11-18T14:10:19","date_gmt":"2024-11-18T14:10:19","guid":{"rendered":"https:\/\/denobilicollege.org\/?page_id=384"},"modified":"2024-11-18T14:10:19","modified_gmt":"2024-11-18T14:10:19","slug":"fr-ryan-savio-rodrigues-kar","status":"publish","type":"page","link":"https:\/\/denobilicollege.org\/index.php\/fr-ryan-savio-rodrigues-kar\/","title":{"rendered":"Fr. RYAN SAVIO RODRIGUES (KAR)"},"content":{"rendered":"\n<p><\/p>\n\n\n\n<figure class=\"wp-block-image aligncenter size-large is-resized\"><img fetchpriority=\"high\" decoding=\"async\" width=\"1024\" height=\"885\" src=\"https:\/\/denobilicollege.org\/wp-content\/uploads\/2024\/11\/P1440441.jpeg-1024x885.jpg\" alt=\"\" class=\"wp-image-385\" style=\"width:264px;height:auto\" srcset=\"https:\/\/denobilicollege.org\/wp-content\/uploads\/2024\/11\/P1440441.jpeg-1024x885.jpg 1024w, https:\/\/denobilicollege.org\/wp-content\/uploads\/2024\/11\/P1440441.jpeg-300x259.jpg 300w, https:\/\/denobilicollege.org\/wp-content\/uploads\/2024\/11\/P1440441.jpeg-768x664.jpg 768w, https:\/\/denobilicollege.org\/wp-content\/uploads\/2024\/11\/P1440441.jpeg-1536x1328.jpg 1536w, https:\/\/denobilicollege.org\/wp-content\/uploads\/2024\/11\/P1440441.jpeg-2048x1771.jpg 2048w\" sizes=\"(max-width: 1024px) 100vw, 1024px\" \/><\/figure>\n\n\n\n<p class=\"has-text-align-center has-big-font-size\"><strong>Fr. RYAN SAVIO RODRIGUES (KAR)<\/strong><\/p>\n\n\n\n<p>Fr. Ryan Savio Rodrigues, SJ, from the Karnataka Province, completed an MA in Sanskrit at Savitribai Phule Pune University, Pune. He also completed his Philosophiae Licentiatus at Jnana Deepa (JD), Pune, with a thesis on \u201c<strong>Theories of Sentence Meaning in P\u016brva M\u012bm\u0101\u1e43s\u0101: A Critical Enquiry<\/strong>.\u201d Presently, he has been appointed for trial teaching (since May 2022) in the Faculty of Philosophy, Department of Epistemology at JD, Pune, and is preparing for a PhD.<\/p>\n\n\n\n<p>His interests include Pastoral Ministry, Indian Philosophy and Religions, Mathematics, Public Speaking, Teaching, Reading, Writing, and the study of classical languages (Pali, Prakrit, Greek, and Latin).<\/p>\n","protected":false},"excerpt":{"rendered":"<p>Fr. RYAN SAVIO RODRIGUES (KAR) Fr. Ryan Savio Rodrigues, SJ, from the Karnataka Province, completed an MA in Sanskrit at Savitribai Phule Pune University, Pune. He also completed his Philosophiae Licentiatus at Jnana Deepa (JD), Pune, with a thesis on \u201cTheories of Sentence Meaning in P\u016brva M\u012bm\u0101\u1e43s\u0101: A Critical Enquiry.\u201d Presently, he has been appointed&#8230;<\/p>\n","protected":false},"author":1,"featured_media":0,"parent":0,"menu_order":0,"comment_status":"closed","ping_status":"closed","template":"","meta":{"footnotes":""},"class_list":["post-384","page","type-page","status-publish","hentry"],"_links":{"self":[{"href":"https:\/\/denobilicollege.org\/index.php\/wp-json\/wp\/v2\/pages\/384","targetHints":{"allow":["GET"]}}],"collection":[{"href":"https:\/\/denobilicollege.org\/index.php\/wp-json\/wp\/v2\/pages"}],"about":[{"href":"https:\/\/denobilicollege.org\/index.php\/wp-json\/wp\/v2\/types\/page"}],"author":[{"embeddable":true,"href":"https:\/\/denobilicollege.org\/index.php\/wp-json\/wp\/v2\/users\/1"}],"replies":[{"embeddable":true,"href":"https:\/\/denobilicollege.org\/index.php\/wp-json\/wp\/v2\/comments?post=384"}],"version-history":[{"count":1,"href":"https:\/\/denobilicollege.org\/index.php\/wp-json\/wp\/v2\/pages\/384\/revisions"}],"predecessor-version":[{"id":386,"href":"https:\/\/denobilicollege.org\/index.php\/wp-json\/wp\/v2\/pages\/384\/revisions\/386"}],"wp:attachment":[{"href":"https:\/\/denobilicollege.org\/index.php\/wp-json\/wp\/v2\/media?parent=384"}],"curies":[{"name":"wp","href":"https:\/\/api.w.org\/{rel}","templated":true}]}}